{"id":127,"date":"2017-10-04T05:49:35","date_gmt":"2017-10-04T05:49:35","guid":{"rendered":"http:\/\/localhost\/sell-auto\/?page_id=127"},"modified":"2019-02-01T07:14:11","modified_gmt":"2019-02-01T07:14:11","slug":"kontakt","status":"publish","type":"page","link":"https:\/\/karbo-instalacje.pl\/?page_id=127","title":{"rendered":"Kontakt"},"content":{"rendered":"\t\t<div data-elementor-type=\"wp-post\" data-elementor-id=\"127\" class=\"elementor elementor-127 elementor-bc-flex-widget\" data-elementor-settings=\"[]\">\n\t\t\t\t\t\t<div class=\"elementor-inner\">\n\t\t\t\t\t\t\t<div class=\"elementor-section-wrap\">\n\t\t\t\t\t\t\t<section class=\"elementor-section elementor-top-section elementor-element elementor-element-70883c5 elementor-section-boxed elementor-section-height-default elementor-section-height-default\" data-id=\"70883c5\" data-element_type=\"section\">\n\t\t\t\t\t\t<div class=\"elementor-container elementor-column-gap-default\">\n\t\t\t\t\t\t\t<div class=\"elementor-row\">\n\t\t\t\t\t<div class=\"elementor-column elementor-col-100 elementor-top-column elementor-element elementor-element-afdad41\" data-id=\"afdad41\" data-element_type=\"column\">\n\t\t\t<div class=\"elementor-column-wrap elementor-element-populated\">\n\t\t\t\t\t\t\t<div class=\"elementor-widget-wrap\">\n\t\t\t\t\t\t<div class=\"elementor-element elementor-element-f6b82eb elementor-widget elementor-widget-html\" data-id=\"f6b82eb\" data-element_type=\"widget\" data-widget_type=\"html.default\">\n\t\t\t\t<div class=\"elementor-widget-container\">\n\t\t\t<div role=\"form\" class=\"wpcf7\" id=\"wpcf7-f835-o1\" lang=\"en-US\" dir=\"ltr\">\n<div class=\"screen-reader-response\"><p role=\"status\" aria-live=\"polite\" aria-atomic=\"true\"><\/p> <ul><\/ul><\/div>\n<form action=\"\/index.php?rest_route=%2Fwp%2Fv2%2Fpages%2F127#wpcf7-f835-o1\" method=\"post\" class=\"wpcf7-form init\" novalidate=\"novalidate\" data-status=\"init\">\n<div style=\"display: none;\">\n<input type=\"hidden\" name=\"_wpcf7\" value=\"835\" \/>\n<input type=\"hidden\" name=\"_wpcf7_version\" value=\"5.3.2\" \/>\n<input type=\"hidden\" name=\"_wpcf7_locale\" value=\"en_US\" \/>\n<input type=\"hidden\" name=\"_wpcf7_unit_tag\" value=\"wpcf7-f835-o1\" \/>\n<input type=\"hidden\" name=\"_wpcf7_container_post\" value=\"0\" \/>\n<input type=\"hidden\" name=\"_wpcf7_posted_data_hash\" value=\"\" \/>\n<\/div>\n<p><label> Twoje imi\u0119 (wymagane)<br \/>\n    <span class=\"wpcf7-form-control-wrap your-name\"><input type=\"text\" name=\"your-name\" value=\"\" size=\"40\" class=\"wpcf7-form-control wpcf7-text wpcf7-validates-as-required\" aria-required=\"true\" aria-invalid=\"false\" \/><\/span> <\/label><\/p>\n<p><label> Tw\u00f3j E-mail (wymagany)<br \/>\n    <span class=\"wpcf7-form-control-wrap your-email\"><input type=\"email\" name=\"your-email\" value=\"\" size=\"40\" class=\"wpcf7-form-control wpcf7-text wpcf7-email wpcf7-validates-as-required wpcf7-validates-as-email\" aria-required=\"true\" aria-invalid=\"false\" \/><\/span> <\/label><\/p>\n<p><label> Nr telefonu (opcjonalnie)<br \/>\n    <span class=\"wpcf7-form-control-wrap your-tel\"><input type=\"text\" name=\"your-tel\" value=\"\" size=\"40\" class=\"wpcf7-form-control wpcf7-text\" aria-invalid=\"false\" \/><\/span> <\/label><\/p>\n<p><label> Temat<br \/>\n    <span class=\"wpcf7-form-control-wrap your-subject\"><input type=\"text\" name=\"your-subject\" value=\"\" size=\"40\" class=\"wpcf7-form-control wpcf7-text\" aria-invalid=\"false\" \/><\/span> <\/label><\/p>\n<p><label> Twoja wiadomo\u015b\u0107<br \/>\n    <span class=\"wpcf7-form-control-wrap your-message\"><textarea name=\"your-message\" cols=\"40\" rows=\"10\" class=\"wpcf7-form-control wpcf7-textarea\" aria-invalid=\"false\"><\/textarea><\/span> <\/label><\/p>\n<p><input type=\"submit\" value=\"Wy\u015blij\" class=\"wpcf7-form-control wpcf7-submit\" \/><\/p>\n<div class=\"wpcf7-response-output\" aria-hidden=\"true\"><\/div><\/form><\/div>\t\t<\/div>\n\t\t\t\t<\/div>\n\t\t\t\t<div class=\"elementor-element elementor-element-7195bed elementor-widget elementor-widget-text-editor\" data-id=\"7195bed\" data-element_type=\"widget\" data-widget_type=\"text-editor.default\">\n\t\t\t\t<div class=\"elementor-widget-container\">\n\t\t\t\t\t<div class=\"elementor-text-editor elementor-clearfix\"><p><strong>Wype\u0142nienie formularza oznacza, \u017ce podane w nim dane osobowe b\u0119d\u0105 przetwarzane w celu nawi\u0105zania kontaktu i przedstawienia oferty. Zasady przetwarzania i informacje o administratorze znajduj\u0105 si\u0119 poni\u017cej:<\/strong><\/p><ul><li>administratorem Pani\/Pana danych osobowych jest KARBO Us\u0142ugi hydrauliczne Karol Bokota z siedzib\u0105 w Tarnowie przy ul. Marynarki Wojennej 7\/16, zwany dalej Administratorem; Administrator prowadzi operacje przetwarzania Pani\/Pana danych osobowych,<\/li><li>inspektorem danych osobowych u Administratora jest Karol Bokota, e-mail: biuro@karbo-instalacje.pl,<\/li><li>Pani\/Pana dane osobowe przetwarzane b\u0119d\u0105 w celu wykonywanych us\u0142ug z oferty Administratora oraz us\u0142ug zwi\u0105zanych z obs\u0142ug\u0105 serwisow\u0105\/pogwarancyjn\u0105 i nie b\u0119d\u0105 udost\u0119pniane innym odbiorcom,<\/li><li>podanie danych jest niezb\u0119dne do zawarcia umowy, w przypadku niepodania danych niemo\u017cliwe jest zawarcie umowy,<\/li><li>posiada Pani\/Pan prawo do:<\/li><\/ul><p>&#8211; \u017c\u0105dania od Administratora dost\u0119pu do swoich danych osobowych, ich sprostowania, usuni\u0119cia lub ograniczenia przetwarzania danych osobowych,<\/p><p>&#8211; wniesienia sprzeciwu wobec takiego przetwarzania,<\/p><p>&#8211; przenoszenia danych,<\/p><p>&#8211; wniesienia skargi do organu nadzorczego,<\/p><p>&#8211; cofni\u0119cia zgody na przetwarzanie danych osobowych.<\/p><ul><li>Pani\/Pana dane osobowe nie podlegaj\u0105 zautomatyzowanemu podejmowaniu decyzji, w tym profilowaniu,<\/li><li>Pani\/Pana dane osobowe b\u0119d\u0105 przechowywane przez czas wykonywania us\u0142ug, do momentu ich zako\u0144czenia<\/li><\/ul><\/div>\n\t\t\t\t<\/div>\n\t\t\t\t<\/div>\n\t\t\t\t\t\t<\/div>\n\t\t\t\t\t<\/div>\n\t\t<\/div>\n\t\t\t\t\t\t\t\t<\/div>\n\t\t\t\t\t<\/div>\n\t\t<\/section>\n\t\t\t\t\t\t<\/div>\n\t\t\t\t\t\t<\/div>\n\t\t\t\t\t<\/div>\n\t\t","protected":false},"excerpt":{"rendered":"<p>Wype\u0142nienie formularza oznacza, \u017ce podane w nim dane osobowe b\u0119d\u0105 przetwarzane w celu nawi\u0105zania kontaktu i przedstawienia oferty. Zasady przetwarzania i informacje o administratorze znajduj\u0105 si\u0119 poni\u017cej: administratorem Pani\/Pana danych osobowych jest KARBO Us\u0142ugi hydrauliczne Karol Bokota z siedzib\u0105 w Tarnowie przy ul. Marynarki Wojennej 7\/16, zwany dalej Administratorem; Administrator prowadzi operacje przetwarzania Pani\/Pana danych [&hellip;]<\/p>\n","protected":false},"author":1,"featured_media":0,"parent":0,"menu_order":0,"comment_status":"closed","ping_status":"closed","template":"","meta":[],"_links":{"self":[{"href":"https:\/\/karbo-instalacje.pl\/index.php?rest_route=\/wp\/v2\/pages\/127"}],"collection":[{"href":"https:\/\/karbo-instalacje.pl\/index.php?rest_route=\/wp\/v2\/pages"}],"about":[{"href":"https:\/\/karbo-instalacje.pl\/index.php?rest_route=\/wp\/v2\/types\/page"}],"author":[{"embeddable":true,"href":"https:\/\/karbo-instalacje.pl\/index.php?rest_route=\/wp\/v2\/users\/1"}],"replies":[{"embeddable":true,"href":"https:\/\/karbo-instalacje.pl\/index.php?rest_route=%2Fwp%2Fv2%2Fcomments&post=127"}],"version-history":[{"count":7,"href":"https:\/\/karbo-instalacje.pl\/index.php?rest_route=\/wp\/v2\/pages\/127\/revisions"}],"predecessor-version":[{"id":1013,"href":"https:\/\/karbo-instalacje.pl\/index.php?rest_route=\/wp\/v2\/pages\/127\/revisions\/1013"}],"wp:attachment":[{"href":"https:\/\/karbo-instalacje.pl\/index.php?rest_route=%2Fwp%2Fv2%2Fmedia&parent=127"}],"curies":[{"name":"wp","href":"https:\/\/api.w.org\/{rel}","templated":true}]}}